{"id":26967,"date":"2019-10-14T09:03:47","date_gmt":"2019-10-14T07:03:47","guid":{"rendered":"https:\/\/uniqaesthetics.de\/sweat-gland-removal-dortmund\/"},"modified":"2025-10-22T08:29:53","modified_gmt":"2025-10-22T06:29:53","slug":"sweat-gland-removal-dortmund","status":"publish","type":"page","link":"https:\/\/uniqaesthetics.de\/en\/sweat-gland-removal-dortmund\/","title":{"rendered":"Sweat gland removal Dortmund"},"content":{"rendered":"<p>No more annoying sweat stains and odors under the armpits in the long term! Patients from Dortmund and the surrounding area can be permanently helped by <strong>removing sweat glands at <sup>UNIQAESTHETICS\u00ae<\/sup><\/strong>. Our experienced specialists, trained in Germany, will be happy to advise you in detail in a pleasant and relaxed atmosphere during a no-obligation consultation at our practice in Unna. On request, a fair installment payment is of course also possible (up to 4 months even interest-free!). It is best to make an appointment directly!    <\/p>\n<h2>Permanently sweat-free at last!<\/h2>\n<p><strong>Excessive sweat production in the armpits is very unpleasant<\/strong> and can lead to a severe deterioration in quality of life for those affected. Despite conscientious care and avoidance of sweat-inducing activities, genetic causes also play a role, meaning that the noticeable sweat stains often cannot be prevented. <strong>Deodorants and antiperspirants often only help to a limited extent<\/strong>, sometimes contain harmful substances and need to be applied regularly. Are you looking for a <strong>permanent solution?<\/strong> Let our experienced team of doctors at <sup>UNIQAESTHETICS\u00ae<\/sup> remove your sweat glands!  <\/p>\n<h2>Have sweat glands removed for Dortmund<\/h2>\n<p><strong>Suction curettage<\/strong> has proven to be a very good way <strong>of removing sweat glands<\/strong>.<br \/>\nThe sweat glands in the armpit area are scraped out and suctioned out at the same time. To do this, three very small incisions are made in the skin through which the special cannula can be inserted. As this procedure is <strong>minimally invasive<\/strong>, it can be performed <strong>on an outpatient basis and under local anesthesia<\/strong>. After the treatment, the incisions are sterilely treated with a staple plaster and an absorbent pressure bandage is applied, which must be worn for 1 &#8211; 2 days. This minor procedure permanently removes the sweat glands, which leads to <strong>a significant improvement in sweating<\/strong>. In rare cases, it may still be necessary to repeat the procedure.     <\/p>\n<h2>In the best hands for sweat gland removal in Dortmund and the surrounding area<\/h2>\n<p>At <sup>UNIQAESTHETICS\u00ae<\/sup> you and your wishes take center stage! That&#8217;s why we attach great importance to the exclusive use of officially approved procedures in our practice. Our entire team will be happy to provide you with dedicated advice and assistance and the use of <strong>high-quality products from Germany<\/strong> is a matter of course for us. Make an appointment for a no-obligation consultation or find out more about the possibilities of <a href=\"\/behandlungen\/reduzierung-erhoehter-schweissproduktion\/\">hyperhidrosis treatment<\/a>!   <\/p>\n","protected":false},"excerpt":{"rendered":"<p>No more annoying sweat stains and odors under the armpits in the long term! Patients from Dortmund and the surrounding area can be permanently helped by removing sweat glands at UNIQAESTHETICS\u00ae. Our experienced specialists, trained in Germany, will be happy to advise you in detail in a pleasant and relaxed atmosphere during a no-obligation consultation&#8230;<\/p>\n","protected":false},"author":3,"featured_media":26241,"parent":0,"menu_order":0,"comment_status":"closed","ping_status":"closed","template":"page-sub.php","meta":{"_acf_changed":false,"footnotes":""},"class_list":["post-26967","page","type-page","status-publish","has-post-thumbnail","hentry"],"acf":[],"aioseo_notices":[],"aioseo_head":"\n\t\t<!-- All in One SEO Pro 4.9.6.2 - aioseo.com -->\n\t<meta name=\"description\" content=\"Schwei\u00dfflecken und Geruch ade! Schwei\u00dfdr\u00fcsen entfernen lassen f\u00fcr Dortmund bei UNIQAESTHETICS\u00ae. Beste Beratung &amp; in Deutschland ausgebildetes \u00c4rzteteam.\" \/>\n\t<meta name=\"robots\" content=\"max-image-preview:large\" \/>\n\t<link rel=\"canonical\" href=\"https:\/\/uniqaesthetics.de\/en\/sweat-gland-removal-dortmund\/\" \/>\n\t<meta name=\"generator\" content=\"All in One SEO Pro (AIOSEO) 4.9.6.2\" \/>\n\t\t<meta property=\"og:locale\" content=\"en_US\" \/>\n\t\t<meta property=\"og:site_name\" content=\"UNIQAESTHETICS\u00ae \u2013 Privatklinik f\u00fcr Plastische und \u00c4sthetische Chirurgie\" \/>\n\t\t<meta property=\"og:type\" content=\"article\" \/>\n\t\t<meta property=\"og:title\" content=\"Schwei\u00dfdr\u00fcsen entfernen f\u00fcr Dortmund bei UNIQAESTHETICS\u00ae\" \/>\n\t\t<meta property=\"og:description\" content=\"Schwei\u00dfflecken und Geruch ade! Schwei\u00dfdr\u00fcsen entfernen lassen f\u00fcr Dortmund bei UNIQAESTHETICS\u00ae. Beste Beratung &amp; in Deutschland ausgebildetes \u00c4rzteteam.\" \/>\n\t\t<meta property=\"og:url\" content=\"https:\/\/uniqaesthetics.de\/en\/sweat-gland-removal-dortmund\/\" \/>\n\t\t<meta property=\"article:published_time\" content=\"2019-10-14T07:03:47+00:00\" \/>\n\t\t<meta property=\"article:modified_time\" content=\"2025-10-22T06:29:53+00:00\" \/>\n\t\t<meta name=\"twitter:card\" content=\"summary\" \/>\n\t\t<meta name=\"twitter:title\" content=\"Schwei\u00dfdr\u00fcsen entfernen f\u00fcr Dortmund bei UNIQAESTHETICS\u00ae\" \/>\n\t\t<meta name=\"twitter:description\" content=\"Schwei\u00dfflecken und Geruch ade! Schwei\u00dfdr\u00fcsen entfernen lassen f\u00fcr Dortmund bei UNIQAESTHETICS\u00ae. Beste Beratung &amp; in Deutschland ausgebildetes \u00c4rzteteam.\" \/>\n\t\t<script type=\"application\/ld+json\" class=\"aioseo-schema\">\n\t\t\t{\"@context\":\"https:\\\/\\\/schema.org\",\"@graph\":[{\"@type\":\"BreadcrumbList\",\"@id\":\"https:\\\/\\\/uniqaesthetics.de\\\/en\\\/sweat-gland-removal-dortmund\\\/#breadcrumblist\",\"itemListElement\":[{\"@type\":\"ListItem\",\"@id\":\"https:\\\/\\\/uniqaesthetics.de\\\/en\\\/#listItem\",\"position\":1,\"name\":\"Home\",\"item\":\"https:\\\/\\\/uniqaesthetics.de\\\/en\\\/\",\"nextItem\":{\"@type\":\"ListItem\",\"@id\":\"https:\\\/\\\/uniqaesthetics.de\\\/en\\\/sweat-gland-removal-dortmund\\\/#listItem\",\"name\":\"Sweat gland removal Dortmund\"}},{\"@type\":\"ListItem\",\"@id\":\"https:\\\/\\\/uniqaesthetics.de\\\/en\\\/sweat-gland-removal-dortmund\\\/#listItem\",\"position\":2,\"name\":\"Sweat gland removal Dortmund\",\"previousItem\":{\"@type\":\"ListItem\",\"@id\":\"https:\\\/\\\/uniqaesthetics.de\\\/en\\\/#listItem\",\"name\":\"Home\"}}]},{\"@type\":\"Organization\",\"@id\":\"https:\\\/\\\/uniqaesthetics.de\\\/en\\\/#organization\",\"name\":\"UNIQAESTHETICS\\u00ae\",\"description\":\"Privatklinik f\\u00fcr Plastische und \\u00c4sthetische Chirurgie\",\"url\":\"https:\\\/\\\/uniqaesthetics.de\\\/en\\\/\"},{\"@type\":\"WebPage\",\"@id\":\"https:\\\/\\\/uniqaesthetics.de\\\/en\\\/sweat-gland-removal-dortmund\\\/#webpage\",\"url\":\"https:\\\/\\\/uniqaesthetics.de\\\/en\\\/sweat-gland-removal-dortmund\\\/\",\"name\":\"Schwei\\u00dfdr\\u00fcsen entfernen f\\u00fcr Dortmund bei UNIQAESTHETICS\\u00ae\",\"description\":\"Schwei\\u00dfflecken und Geruch ade! Schwei\\u00dfdr\\u00fcsen entfernen lassen f\\u00fcr Dortmund bei UNIQAESTHETICS\\u00ae. Beste Beratung & in Deutschland ausgebildetes \\u00c4rzteteam.\",\"inLanguage\":\"en-US\",\"isPartOf\":{\"@id\":\"https:\\\/\\\/uniqaesthetics.de\\\/en\\\/#website\"},\"breadcrumb\":{\"@id\":\"https:\\\/\\\/uniqaesthetics.de\\\/en\\\/sweat-gland-removal-dortmund\\\/#breadcrumblist\"},\"image\":{\"@type\":\"ImageObject\",\"url\":\"https:\\\/\\\/uniqaesthetics.de\\\/wp-content\\\/uploads\\\/schweissdruesen-entfernen.jpg\",\"@id\":\"https:\\\/\\\/uniqaesthetics.de\\\/en\\\/sweat-gland-removal-dortmund\\\/#mainImage\",\"width\":1280,\"height\":720},\"primaryImageOfPage\":{\"@id\":\"https:\\\/\\\/uniqaesthetics.de\\\/en\\\/sweat-gland-removal-dortmund\\\/#mainImage\"},\"datePublished\":\"2019-10-14T09:03:47+02:00\",\"dateModified\":\"2025-10-22T08:29:53+02:00\"},{\"@type\":\"WebSite\",\"@id\":\"https:\\\/\\\/uniqaesthetics.de\\\/en\\\/#website\",\"url\":\"https:\\\/\\\/uniqaesthetics.de\\\/en\\\/\",\"name\":\"UNIQAESTHETICS\\u00ae\",\"description\":\"Privatklinik f\\u00fcr Plastische und \\u00c4sthetische Chirurgie\",\"inLanguage\":\"en-US\",\"publisher\":{\"@id\":\"https:\\\/\\\/uniqaesthetics.de\\\/en\\\/#organization\"}}]}\n\t\t<\/script>\n\t\t<!-- All in One SEO Pro -->\r\n\t\t<title>Schwei\u00dfdr\u00fcsen entfernen f\u00fcr Dortmund bei UNIQAESTHETICS\u00ae<\/title>\n\n","aioseo_head_json":{"title":"Schwei\u00dfdr\u00fcsen entfernen f\u00fcr Dortmund bei UNIQAESTHETICS\u00ae","description":"Schwei\u00dfflecken und Geruch ade! Schwei\u00dfdr\u00fcsen entfernen lassen f\u00fcr Dortmund bei UNIQAESTHETICS\u00ae. Beste Beratung & in Deutschland ausgebildetes \u00c4rzteteam.","canonical_url":"https:\/\/uniqaesthetics.de\/en\/sweat-gland-removal-dortmund\/","robots":"max-image-preview:large","keywords":"","webmasterTools":{"miscellaneous":""},"schema":{"@context":"https:\/\/schema.org","@graph":[{"@type":"BreadcrumbList","@id":"https:\/\/uniqaesthetics.de\/en\/sweat-gland-removal-dortmund\/#breadcrumblist","itemListElement":[{"@type":"ListItem","@id":"https:\/\/uniqaesthetics.de\/en\/#listItem","position":1,"name":"Home","item":"https:\/\/uniqaesthetics.de\/en\/","nextItem":{"@type":"ListItem","@id":"https:\/\/uniqaesthetics.de\/en\/sweat-gland-removal-dortmund\/#listItem","name":"Sweat gland removal Dortmund"}},{"@type":"ListItem","@id":"https:\/\/uniqaesthetics.de\/en\/sweat-gland-removal-dortmund\/#listItem","position":2,"name":"Sweat gland removal Dortmund","previousItem":{"@type":"ListItem","@id":"https:\/\/uniqaesthetics.de\/en\/#listItem","name":"Home"}}]},{"@type":"Organization","@id":"https:\/\/uniqaesthetics.de\/en\/#organization","name":"UNIQAESTHETICS\u00ae","description":"Privatklinik f\u00fcr Plastische und \u00c4sthetische Chirurgie","url":"https:\/\/uniqaesthetics.de\/en\/"},{"@type":"WebPage","@id":"https:\/\/uniqaesthetics.de\/en\/sweat-gland-removal-dortmund\/#webpage","url":"https:\/\/uniqaesthetics.de\/en\/sweat-gland-removal-dortmund\/","name":"Schwei\u00dfdr\u00fcsen entfernen f\u00fcr Dortmund bei UNIQAESTHETICS\u00ae","description":"Schwei\u00dfflecken und Geruch ade! Schwei\u00dfdr\u00fcsen entfernen lassen f\u00fcr Dortmund bei UNIQAESTHETICS\u00ae. Beste Beratung & in Deutschland ausgebildetes \u00c4rzteteam.","inLanguage":"en-US","isPartOf":{"@id":"https:\/\/uniqaesthetics.de\/en\/#website"},"breadcrumb":{"@id":"https:\/\/uniqaesthetics.de\/en\/sweat-gland-removal-dortmund\/#breadcrumblist"},"image":{"@type":"ImageObject","url":"https:\/\/uniqaesthetics.de\/wp-content\/uploads\/schweissdruesen-entfernen.jpg","@id":"https:\/\/uniqaesthetics.de\/en\/sweat-gland-removal-dortmund\/#mainImage","width":1280,"height":720},"primaryImageOfPage":{"@id":"https:\/\/uniqaesthetics.de\/en\/sweat-gland-removal-dortmund\/#mainImage"},"datePublished":"2019-10-14T09:03:47+02:00","dateModified":"2025-10-22T08:29:53+02:00"},{"@type":"WebSite","@id":"https:\/\/uniqaesthetics.de\/en\/#website","url":"https:\/\/uniqaesthetics.de\/en\/","name":"UNIQAESTHETICS\u00ae","description":"Privatklinik f\u00fcr Plastische und \u00c4sthetische Chirurgie","inLanguage":"en-US","publisher":{"@id":"https:\/\/uniqaesthetics.de\/en\/#organization"}}]},"og:locale":"en_US","og:site_name":"UNIQAESTHETICS\u00ae \u2013 Privatklinik f\u00fcr Plastische und \u00c4sthetische Chirurgie","og:type":"article","og:title":"Schwei\u00dfdr\u00fcsen entfernen f\u00fcr Dortmund bei UNIQAESTHETICS\u00ae","og:description":"Schwei\u00dfflecken und Geruch ade! Schwei\u00dfdr\u00fcsen entfernen lassen f\u00fcr Dortmund bei UNIQAESTHETICS\u00ae. Beste Beratung &amp; in Deutschland ausgebildetes \u00c4rzteteam.","og:url":"https:\/\/uniqaesthetics.de\/en\/sweat-gland-removal-dortmund\/","article:published_time":"2019-10-14T07:03:47+00:00","article:modified_time":"2025-10-22T06:29:53+00:00","twitter:card":"summary","twitter:title":"Schwei\u00dfdr\u00fcsen entfernen f\u00fcr Dortmund bei UNIQAESTHETICS\u00ae","twitter:description":"Schwei\u00dfflecken und Geruch ade! Schwei\u00dfdr\u00fcsen entfernen lassen f\u00fcr Dortmund bei UNIQAESTHETICS\u00ae. Beste Beratung &amp; in Deutschland ausgebildetes \u00c4rzteteam."},"aioseo_meta_data":{"post_id":"26967","title":"Schwei\u00dfdr\u00fcsen entfernen f\u00fcr Dortmund bei UNIQAESTHETICS\u00ae","description":"Schwei\u00dfflecken und Geruch ade! Schwei\u00dfdr\u00fcsen entfernen lassen f\u00fcr Dortmund bei UNIQAESTHETICS\u00ae. Beste Beratung &amp; in Deutschland ausgebildetes \u00c4rzteteam.","keywords":null,"keyphrases":null,"primary_term":null,"canonical_url":null,"og_title":null,"og_description":null,"og_object_type":"default","og_image_type":"default","og_image_url":null,"og_image_width":null,"og_image_height":null,"og_image_custom_url":null,"og_image_custom_fields":null,"og_video":null,"og_custom_url":null,"og_article_section":null,"og_article_tags":null,"twitter_use_og":false,"twitter_card":"default","twitter_image_type":"default","twitter_image_url":null,"twitter_image_custom_url":null,"twitter_image_custom_fields":null,"twitter_title":null,"twitter_description":null,"schema":{"blockGraphs":[],"customGraphs":[],"default":{"data":{"Article":[],"Course":[],"Dataset":[],"FAQPage":[],"Movie":[],"Person":[],"Product":[],"ProductReview":[],"Car":[],"Recipe":[],"Service":[],"SoftwareApplication":[],"WebPage":[]},"graphName":"WebPage","isEnabled":true},"graphs":[]},"schema_type":null,"schema_type_options":null,"pillar_content":false,"robots_default":true,"robots_noindex":false,"robots_noarchive":false,"robots_nosnippet":false,"robots_nofollow":false,"robots_noimageindex":false,"robots_noodp":false,"robots_notranslate":false,"robots_max_snippet":null,"robots_max_videopreview":null,"robots_max_imagepreview":"large","priority":null,"frequency":null,"local_seo":null,"seo_analyzer_scan_date":"2026-02-04 05:03:16","breadcrumb_settings":null,"limit_modified_date":false,"reviewed_by":null,"open_ai":null,"ai":null,"created":"2025-01-21 19:06:05","updated":"2026-02-05 04:21:54"},"_links":{"self":[{"href":"https:\/\/uniqaesthetics.de\/en\/wp-json\/wp\/v2\/pages\/26967","targetHints":{"allow":["GET"]}}],"collection":[{"href":"https:\/\/uniqaesthetics.de\/en\/wp-json\/wp\/v2\/pages"}],"about":[{"href":"https:\/\/uniqaesthetics.de\/en\/wp-json\/wp\/v2\/types\/page"}],"author":[{"embeddable":true,"href":"https:\/\/uniqaesthetics.de\/en\/wp-json\/wp\/v2\/users\/3"}],"replies":[{"embeddable":true,"href":"https:\/\/uniqaesthetics.de\/en\/wp-json\/wp\/v2\/comments?post=26967"}],"version-history":[{"count":1,"href":"https:\/\/uniqaesthetics.de\/en\/wp-json\/wp\/v2\/pages\/26967\/revisions"}],"predecessor-version":[{"id":26968,"href":"https:\/\/uniqaesthetics.de\/en\/wp-json\/wp\/v2\/pages\/26967\/revisions\/26968"}],"wp:featuredmedia":[{"embeddable":true,"href":"https:\/\/uniqaesthetics.de\/en\/wp-json\/wp\/v2\/media\/26241"}],"wp:attachment":[{"href":"https:\/\/uniqaesthetics.de\/en\/wp-json\/wp\/v2\/media?parent=26967"}],"curies":[{"name":"wp","href":"https:\/\/api.w.org\/{rel}","templated":true}]}}